{"id":11,"date":"2021-04-16T17:34:49","date_gmt":"2021-04-16T20:34:49","guid":{"rendered":"https:\/\/www.poeti.com.ar\/wp\/?page_id=11"},"modified":"2021-04-26T12:28:05","modified_gmt":"2021-04-26T15:28:05","slug":"acerca-de","status":"publish","type":"page","link":"https:\/\/www.poeti.com.ar\/wp\/acerca-de\/","title":{"rendered":"Acerca de Nuestra Empresa"},"content":{"rendered":"\n<ul class=\"wp-block-list\"><li>Trayectoria y experiencia con m\u00e1s de 25 a\u00f1os en un Rubro Inform\u00e1tica. <\/li><\/ul>\n\n\n\n<ul class=\"wp-block-list\"><li>Amplia capacidad de resoluci\u00f3n en la organizaci\u00f3n de Nuevos Proyectos.<\/li><\/ul>\n\n\n\n<ul class=\"wp-block-list\"><li>Excelente Administraci\u00f3n de recursos Econ\u00f3micos y Humanos.<\/li><\/ul>\n","protected":false},"excerpt":{"rendered":"<p>Trayectoria y experiencia con m\u00e1s de 25 a\u00f1os en un Rubro Inform\u00e1tica. Amplia capacidad de resoluci\u00f3n en la organizaci\u00f3n de Nuevos Proyectos. Excelente Administraci\u00f3n de recursos Econ\u00f3micos y Humanos.<\/p>\n","protected":false},"author":1,"featured_media":0,"parent":0,"menu_order":0,"comment_status":"closed","ping_status":"closed","template":"","meta":{"footnotes":""},"class_list":["post-11","page","type-page","status-publish","hentry"],"_links":{"self":[{"href":"https:\/\/www.poeti.com.ar\/wp\/wp-json\/wp\/v2\/pages\/11","targetHints":{"allow":["GET"]}}],"collection":[{"href":"https:\/\/www.poeti.com.ar\/wp\/wp-json\/wp\/v2\/pages"}],"about":[{"href":"https:\/\/www.poeti.com.ar\/wp\/wp-json\/wp\/v2\/types\/page"}],"author":[{"embeddable":true,"href":"https:\/\/www.poeti.com.ar\/wp\/wp-json\/wp\/v2\/users\/1"}],"replies":[{"embeddable":true,"href":"https:\/\/www.poeti.com.ar\/wp\/wp-json\/wp\/v2\/comments?post=11"}],"version-history":[{"count":6,"href":"https:\/\/www.poeti.com.ar\/wp\/wp-json\/wp\/v2\/pages\/11\/revisions"}],"predecessor-version":[{"id":102,"href":"https:\/\/www.poeti.com.ar\/wp\/wp-json\/wp\/v2\/pages\/11\/revisions\/102"}],"wp:attachment":[{"href":"https:\/\/www.poeti.com.ar\/wp\/wp-json\/wp\/v2\/media?parent=11"}],"curies":[{"name":"wp","href":"https:\/\/api.w.org\/{rel}","templated":true}]}}